{"id":41,"date":"2014-10-27T15:43:28","date_gmt":"2014-10-27T18:43:28","guid":{"rendered":"http:\/\/gonzaleztruyols.com.ar\/?page_id=41"},"modified":"2015-06-29T19:51:50","modified_gmt":"2015-06-29T22:51:50","slug":"nosotros","status":"publish","type":"page","link":"http:\/\/gonzaleztruyols.com.ar\/","title":{"rendered":"Nuestra Empresa"},"content":{"rendered":"<p><em>\u201cSaber de d\u00f3nde venimos nos permite\u00a0 dilucidar, al menos un poco, hacia d\u00f3nde vamos\u201d<\/em><\/p>\n<p><strong>Soy Gustavo, uno m\u00e1s de los tantos nietos de inmigrantes espa\u00f1oles<\/strong> que arribaron a la Argentina con la\u00a0 ilusi\u00f3n hecha tes\u00f3n. No bast\u00f3 el tiempo de desembarco para que sus manos, exiliadas de su patria, echaran rienda suelta al arado de mancera. No s\u00f3lo dejaron para m\u00ed esa herencia invaluable del ejemplo de dignidad y trabajo, sino que cultivaron, tal vez sin saberlo, el amor profundo por la tierra.<\/p>\n<p>Ese suelo que nos permite cosechar frutos, emprender nuevos proyectos, disfrutar del verde intenso\u00a0 de sus praderas y la tranquilidad de sus atardeceres. Ese <strong>suelo rural de anta\u00f1o y ese suelo urbano de la modernidad<\/strong> son el mismo suelo, y esa es la raz\u00f3n por la que quiero acercarte la posibilidad de que vos tambi\u00e9n lo reconozcas como propio.<\/p>\n<p>De aquella historia familiar brot\u00f3 un d\u00eda mi vocaci\u00f3n: <strong>Martillero y Corredor P\u00fablico<\/strong>. M\u00e1s de <strong>diez a\u00f1os han pasado de aquella elecci\u00f3n<\/strong>, a la que contin\u00fao apostando perfeccionando mi oficio y poniendo mis conocimientos, profesionales y vivenciales, al servicio de mis clientes, a los que bien podr\u00eda definir como amigos.<\/p>\n<p><strong>Gonz\u00e1lez Truyols PROPIEDADES <\/strong>espera tus consultas e inquietudes con la predisposici\u00f3n que caracteriza al hombre de campo, y te invita a recorrer esta p\u00e1gina con la certeza de que para cada necesidad existe una oportunidad.<\/p>\n","protected":false},"excerpt":{"rendered":"<p>\u201cSaber de d\u00f3nde venimos nos permite\u00a0 dilucidar, al menos un poco, hacia d\u00f3nde vamos\u201d Soy Gustavo, uno m\u00e1s de los tantos nietos de inmigrantes espa\u00f1oles que arribaron a la Argentina con la\u00a0 ilusi\u00f3n hecha tes\u00f3n. No bast\u00f3 el tiempo de desembarco para que sus manos, exiliadas de su patria, echaran rienda suelta al arado de [&hellip;]<\/p>\n","protected":false},"author":1,"featured_media":0,"parent":0,"menu_order":0,"comment_status":"closed","ping_status":"open","template":"","meta":{"ngg_post_thumbnail":0,"footnotes":""},"class_list":["post-41","page","type-page","status-publish","hentry"],"jetpack_sharing_enabled":true,"_links":{"self":[{"href":"http:\/\/gonzaleztruyols.com.ar\/index.php?rest_route=\/wp\/v2\/pages\/41"}],"collection":[{"href":"http:\/\/gonzaleztruyols.com.ar\/index.php?rest_route=\/wp\/v2\/pages"}],"about":[{"href":"http:\/\/gonzaleztruyols.com.ar\/index.php?rest_route=\/wp\/v2\/types\/page"}],"author":[{"embeddable":true,"href":"http:\/\/gonzaleztruyols.com.ar\/index.php?rest_route=\/wp\/v2\/users\/1"}],"replies":[{"embeddable":true,"href":"http:\/\/gonzaleztruyols.com.ar\/index.php?rest_route=%2Fwp%2Fv2%2Fcomments&post=41"}],"version-history":[{"count":4,"href":"http:\/\/gonzaleztruyols.com.ar\/index.php?rest_route=\/wp\/v2\/pages\/41\/revisions"}],"predecessor-version":[{"id":499,"href":"http:\/\/gonzaleztruyols.com.ar\/index.php?rest_route=\/wp\/v2\/pages\/41\/revisions\/499"}],"wp:attachment":[{"href":"http:\/\/gonzaleztruyols.com.ar\/index.php?rest_route=%2Fwp%2Fv2%2Fmedia&parent=41"}],"curies":[{"name":"wp","href":"https:\/\/api.w.org\/{rel}","templated":true}]}}